{"id":24,"date":"2026-03-29T08:50:26","date_gmt":"2026-03-29T06:50:26","guid":{"rendered":"https:\/\/215.wordpressalk.pl\/?page_id=24"},"modified":"2026-04-26T14:44:03","modified_gmt":"2026-04-26T12:44:03","slug":"kontakt","status":"publish","type":"page","link":"https:\/\/215.wordpressalk.pl\/index.php\/kontakt\/","title":{"rendered":"Kontakt"},"content":{"rendered":"\n<h3 class=\"wp-block-heading\"><strong>Skontaktuj si\u0119 z SupleMe<\/strong><\/h3>\n\n\n\n<p>Masz pytania dotycz\u0105ce <strong>swojego zam\u00f3wienia<\/strong>, statusu wysy\u0142ki lub p\u0142atno\u015bci? A mo\u017ce potrzebujesz dodatkowych informacji o produktach opisanych na naszym <strong>blogu<\/strong>? Jeste\u015bmy do Twojej dyspozycji!<\/p>\n\n\n\n<p>Nasz zesp\u00f3\u0142 pomo\u017ce Ci zar\u00f3wno w kwestiach technicznych, jak i merytorycznych, dbaj\u0105c o to, by Twoje zakupy by\u0142y w pe\u0142ni \u015bwiadome i bezpieczne.<\/p>\n\n\n\n<p>Skontaktuj si\u0119 z nami za pomoc\u0105 adresu e-mail lub formularza kontaktowego:<\/p>\n\n\n\n<p>kontakt@supleme.pl<\/p>\n\n\n\n<div class=\"wp-block-contact-form-7-contact-form-selector\">\n<div class=\"wpcf7 no-js\" id=\"wpcf7-f132-o1\" lang=\"pl-PL\" dir=\"ltr\" data-wpcf7-id=\"132\">\n<div class=\"screen-reader-response\"><p role=\"status\" aria-live=\"polite\" aria-atomic=\"true\"><\/p> <ul><\/ul><\/div>\n<form action=\"\/index.php\/wp-json\/wp\/v2\/pages\/24#wpcf7-f132-o1\" method=\"post\" class=\"wpcf7-form init\" aria-label=\"Formularz kontaktowy\" novalidate=\"novalidate\" data-status=\"init\">\n<fieldset class=\"hidden-fields-container\"><input type=\"hidden\" name=\"_wpcf7\" value=\"132\" \/><input type=\"hidden\" name=\"_wpcf7_version\" value=\"6.1.5\" \/><input type=\"hidden\" name=\"_wpcf7_locale\" value=\"pl_PL\" \/><input type=\"hidden\" name=\"_wpcf7_unit_tag\" value=\"wpcf7-f132-o1\" \/><input type=\"hidden\" name=\"_wpcf7_container_post\" value=\"0\" \/><input type=\"hidden\" name=\"_wpcf7_posted_data_hash\" value=\"\" \/>\n<\/fieldset>\n<p><label> Twoje imi\u0119 i nazwisko<br \/>\n<span class=\"wpcf7-form-control-wrap\" data-name=\"your-name\"><input size=\"40\" maxlength=\"400\" class=\"wpcf7-form-control wpcf7-text wpcf7-validates-as-required\" autocomplete=\"name\" aria-required=\"true\" aria-invalid=\"false\" value=\"\" type=\"text\" name=\"your-name\" \/><\/span> <\/label>\n<\/p>\n<p><label> Tw\u00f3j adres e-mail<br \/>\n<span class=\"wpcf7-form-control-wrap\" data-name=\"your-email\"><input size=\"40\" maxlength=\"400\" class=\"wpcf7-form-control wpcf7-email wpcf7-validates-as-required wpcf7-text wpcf7-validates-as-email\" autocomplete=\"email\" aria-required=\"true\" aria-invalid=\"false\" value=\"\" type=\"email\" name=\"your-email\" \/><\/span> <\/label>\n<\/p>\n<p><label> Temat<br \/>\n<span class=\"wpcf7-form-control-wrap\" data-name=\"your-subject\"><input size=\"40\" maxlength=\"400\" class=\"wpcf7-form-control wpcf7-text wpcf7-validates-as-required\" aria-required=\"true\" aria-invalid=\"false\" value=\"\" type=\"text\" name=\"your-subject\" \/><\/span> <\/label>\n<\/p>\n<p><label> Twoja wiadomo\u015bci (opcjonalne)<br \/>\n<span class=\"wpcf7-form-control-wrap\" data-name=\"your-message\"><textarea cols=\"40\" rows=\"10\" maxlength=\"2000\" class=\"wpcf7-form-control wpcf7-textarea\" aria-invalid=\"false\" name=\"your-message\"><\/textarea><\/span> <\/label>\n<\/p>\n<p><input class=\"wpcf7-form-control wpcf7-submit has-spinner\" type=\"submit\" value=\"Wy\u015blij\" \/>\n<\/p><div class=\"wpcf7-response-output\" aria-hidden=\"true\"><\/div>\n<\/form>\n<\/div>\n<\/div>\n\n\n\n<p><strong><a href=\"https:\/\/215.wordpressalk.pl\/index.php\/kontakt\/\" type=\"page\" id=\"24\">Napisz do nas <\/a>\u2013 wsp\u00f3lnie zadbajmy o Twoje zdrowie!<\/strong><\/p>\n\n\n\n<figure class=\"wp-block-gallery has-nested-images columns-default is-cropped wp-block-gallery-1 is-layout-flex wp-block-gallery-is-layout-flex\">\n<figure class=\"wp-block-image size-large\"><img fetchpriority=\"high\" decoding=\"async\" width=\"1024\" height=\"311\" data-id=\"35\" src=\"https:\/\/215.wordpressalk.pl\/wp-content\/uploads\/2026\/03\/Gemini_Generated_Image_hc3mt8hc3mt8hc3m-1-1024x311.png\" alt=\"Kontakt to miejsce, gdzie mo\u017cesz do nas napisa\u0107.\" class=\"wp-image-35\" srcset=\"https:\/\/215.wordpressalk.pl\/wp-content\/uploads\/2026\/03\/Gemini_Generated_Image_hc3mt8hc3mt8hc3m-1-1024x311.png 1024w, https:\/\/215.wordpressalk.pl\/wp-content\/uploads\/2026\/03\/Gemini_Generated_Image_hc3mt8hc3mt8hc3m-1-600x182.png 600w, https:\/\/215.wordpressalk.pl\/wp-content\/uploads\/2026\/03\/Gemini_Generated_Image_hc3mt8hc3mt8hc3m-1-300x91.png 300w, https:\/\/215.wordpressalk.pl\/wp-content\/uploads\/2026\/03\/Gemini_Generated_Image_hc3mt8hc3mt8hc3m-1-768x233.png 768w, https:\/\/215.wordpressalk.pl\/wp-content\/uploads\/2026\/03\/Gemini_Generated_Image_hc3mt8hc3mt8hc3m-1-1536x466.png 1536w, https:\/\/215.wordpressalk.pl\/wp-content\/uploads\/2026\/03\/Gemini_Generated_Image_hc3mt8hc3mt8hc3m-1-1568x476.png 1568w, https:\/\/215.wordpressalk.pl\/wp-content\/uploads\/2026\/03\/Gemini_Generated_Image_hc3mt8hc3mt8hc3m-1.png 1844w\" sizes=\"(max-width: 1024px) 100vw, 1024px\" \/><\/figure>\n<\/figure>\n\n\n\n<p><\/p>\n","protected":false},"excerpt":{"rendered":"<p>Skontaktuj si&#281; z SupleMe Masz pytania dotycz&#261;ce swojego zam&oacute;wienia, statusu wysy&#322;ki lub p&#322;atno&#347;ci? A mo&#380;e potrzebujesz dodatkowych informacji o produktach [&hellip;]<\/p>\n","protected":false},"author":1,"featured_media":0,"parent":0,"menu_order":0,"comment_status":"closed","ping_status":"closed","template":"","meta":{"site-sidebar-layout":"default","site-content-layout":"","ast-site-content-layout":"default","site-content-style":"default","site-sidebar-style":"default","ast-global-header-display":"","ast-banner-title-visibility":"","ast-main-header-display":"","ast-hfb-above-header-display":"","ast-hfb-below-header-display":"","ast-hfb-mobile-header-display":"","site-post-title":"","ast-breadcrumbs-content":"","ast-featured-img":"","footer-sml-layout":"","ast-disable-related-posts":"","theme-transparent-header-meta":"","adv-header-id-meta":"","stick-header-meta":"","header-above-stick-meta":"","header-main-stick-meta":"","header-below-stick-meta":"","astra-migrate-meta-layouts":"default","ast-page-background-enabled":"default","ast-page-background-meta":{"desktop":{"background-color":"var(--ast-global-color-5)","background-image":"","background-repeat":"repeat","background-position":"center center","background-size":"auto","background-attachment":"scroll","background-type":"","background-media":"","overlay-type":"","overlay-color":"","overlay-opacity":"","overlay-gradient":""},"tablet":{"background-color":"","background-image":"","background-repeat":"repeat","background-position":"center center","background-size":"auto","background-attachment":"scroll","background-type":"","background-media":"","overlay-type":"","overlay-color":"","overlay-opacity":"","overlay-gradient":""},"mobile":{"background-color":"","background-image":"","background-repeat":"repeat","background-position":"center center","background-size":"auto","background-attachment":"scroll","background-type":"","background-media":"","overlay-type":"","overlay-color":"","overlay-opacity":"","overlay-gradient":""}},"ast-content-background-meta":{"desktop":{"background-color":"var(--ast-global-color-4)","background-image":"","background-repeat":"repeat","background-position":"center center","background-size":"auto","background-attachment":"scroll","background-type":"","background-media":"","overlay-type":"","overlay-color":"","overlay-opacity":"","overlay-gradient":""},"tablet":{"background-color":"var(--ast-global-color-4)","background-image":"","background-repeat":"repeat","background-position":"center center","background-size":"auto","background-attachment":"scroll","background-type":"","background-media":"","overlay-type":"","overlay-color":"","overlay-opacity":"","overlay-gradient":""},"mobile":{"background-color":"var(--ast-global-color-4)","background-image":"","background-repeat":"repeat","background-position":"center center","background-size":"auto","background-attachment":"scroll","background-type":"","background-media":"","overlay-type":"","overlay-color":"","overlay-opacity":"","overlay-gradient":""}},"footnotes":""},"class_list":["post-24","page","type-page","status-publish","hentry"],"yoast_head":"<!-- This site is optimized with the Yoast SEO plugin v27.2 - https:\/\/yoast.com\/product\/yoast-seo-wordpress\/ -->\n<title>Kontakt - SupleME<\/title>\n<meta name=\"description\" content=\"W przypadku dodatkowych pyta\u0144, dotycz\u0105cych produkt\u00f3w lub zam\u00f3wienia, skontaktuj si\u0119 z nami za pomoc\u0105 adresu e-mail.\" \/>\n<meta name=\"robots\" content=\"index, follow, max-snippet:-1, max-image-preview:large, max-video-preview:-1\" \/>\n<link rel=\"canonical\" href=\"https:\/\/215.wordpressalk.pl\/index.php\/kontakt\/\" \/>\n<meta property=\"og:locale\" content=\"pl_PL\" \/>\n<meta property=\"og:type\" content=\"article\" \/>\n<meta property=\"og:title\" content=\"Kontakt - SupleME\" \/>\n<meta property=\"og:description\" content=\"W przypadku dodatkowych pyta\u0144, dotycz\u0105cych produkt\u00f3w lub zam\u00f3wienia, skontaktuj si\u0119 z nami za pomoc\u0105 adresu e-mail.\" \/>\n<meta property=\"og:url\" content=\"https:\/\/215.wordpressalk.pl\/index.php\/kontakt\/\" \/>\n<meta property=\"og:site_name\" content=\"SupleME\" \/>\n<meta property=\"article:modified_time\" content=\"2026-04-26T12:44:03+00:00\" \/>\n<meta property=\"og:image\" content=\"https:\/\/215.wordpressalk.pl\/wp-content\/uploads\/2026\/03\/Gemini_Generated_Image_hc3mt8hc3mt8hc3m-1.png\" \/>\n\t<meta property=\"og:image:width\" content=\"1844\" \/>\n\t<meta property=\"og:image:height\" content=\"560\" \/>\n\t<meta property=\"og:image:type\" content=\"image\/png\" \/>\n<meta name=\"twitter:card\" content=\"summary_large_image\" \/>\n<meta name=\"twitter:label1\" content=\"Szacowany czas czytania\" \/>\n\t<meta name=\"twitter:data1\" content=\"1 minuta\" \/>\n<script type=\"application\/ld+json\" class=\"yoast-schema-graph\">{\"@context\":\"https:\/\/schema.org\",\"@graph\":[{\"@type\":\"WebPage\",\"@id\":\"https:\/\/215.wordpressalk.pl\/index.php\/kontakt\/\",\"url\":\"https:\/\/215.wordpressalk.pl\/index.php\/kontakt\/\",\"name\":\"Kontakt - SupleME\",\"isPartOf\":{\"@id\":\"https:\/\/215.wordpressalk.pl\/#website\"},\"primaryImageOfPage\":{\"@id\":\"https:\/\/215.wordpressalk.pl\/index.php\/kontakt\/#primaryimage\"},\"image\":{\"@id\":\"https:\/\/215.wordpressalk.pl\/index.php\/kontakt\/#primaryimage\"},\"thumbnailUrl\":\"https:\/\/215.wordpressalk.pl\/wp-content\/uploads\/2026\/03\/Gemini_Generated_Image_hc3mt8hc3mt8hc3m-1-1024x311.png\",\"datePublished\":\"2026-03-29T06:50:26+00:00\",\"dateModified\":\"2026-04-26T12:44:03+00:00\",\"description\":\"W przypadku dodatkowych pyta\u0144, dotycz\u0105cych produkt\u00f3w lub zam\u00f3wienia, skontaktuj si\u0119 z nami za pomoc\u0105 adresu e-mail.\",\"breadcrumb\":{\"@id\":\"https:\/\/215.wordpressalk.pl\/index.php\/kontakt\/#breadcrumb\"},\"inLanguage\":\"pl-PL\",\"potentialAction\":[{\"@type\":\"ReadAction\",\"target\":[\"https:\/\/215.wordpressalk.pl\/index.php\/kontakt\/\"]}]},{\"@type\":\"ImageObject\",\"inLanguage\":\"pl-PL\",\"@id\":\"https:\/\/215.wordpressalk.pl\/index.php\/kontakt\/#primaryimage\",\"url\":\"https:\/\/215.wordpressalk.pl\/wp-content\/uploads\/2026\/03\/Gemini_Generated_Image_hc3mt8hc3mt8hc3m-1.png\",\"contentUrl\":\"https:\/\/215.wordpressalk.pl\/wp-content\/uploads\/2026\/03\/Gemini_Generated_Image_hc3mt8hc3mt8hc3m-1.png\",\"width\":1844,\"height\":560},{\"@type\":\"BreadcrumbList\",\"@id\":\"https:\/\/215.wordpressalk.pl\/index.php\/kontakt\/#breadcrumb\",\"itemListElement\":[{\"@type\":\"ListItem\",\"position\":1,\"name\":\"Strona g\u0142\u00f3wna\",\"item\":\"https:\/\/215.wordpressalk.pl\/\"},{\"@type\":\"ListItem\",\"position\":2,\"name\":\"Kontakt\"}]},{\"@type\":\"WebSite\",\"@id\":\"https:\/\/215.wordpressalk.pl\/#website\",\"url\":\"https:\/\/215.wordpressalk.pl\/\",\"name\":\"SupleME\",\"description\":\"Twoje wsparcie w drodze po lepsz\u0105 form\u0119.\",\"publisher\":{\"@id\":\"https:\/\/215.wordpressalk.pl\/#organization\"},\"potentialAction\":[{\"@type\":\"SearchAction\",\"target\":{\"@type\":\"EntryPoint\",\"urlTemplate\":\"https:\/\/215.wordpressalk.pl\/?s={search_term_string}\"},\"query-input\":{\"@type\":\"PropertyValueSpecification\",\"valueRequired\":true,\"valueName\":\"search_term_string\"}}],\"inLanguage\":\"pl-PL\"},{\"@type\":\"Organization\",\"@id\":\"https:\/\/215.wordpressalk.pl\/#organization\",\"name\":\"SupleME\",\"url\":\"https:\/\/215.wordpressalk.pl\/\",\"logo\":{\"@type\":\"ImageObject\",\"inLanguage\":\"pl-PL\",\"@id\":\"https:\/\/215.wordpressalk.pl\/#\/schema\/logo\/image\/\",\"url\":\"https:\/\/215.wordpressalk.pl\/wp-content\/uploads\/2026\/02\/cropped-dumbbell-icon-images-vector-34189976-1.avif\",\"contentUrl\":\"https:\/\/215.wordpressalk.pl\/wp-content\/uploads\/2026\/02\/cropped-dumbbell-icon-images-vector-34189976-1.avif\",\"width\":500,\"height\":340,\"caption\":\"SupleME\"},\"image\":{\"@id\":\"https:\/\/215.wordpressalk.pl\/#\/schema\/logo\/image\/\"}}]}<\/script>\n<!-- \/ Yoast SEO plugin. -->","yoast_head_json":{"title":"Kontakt - SupleME","description":"W przypadku dodatkowych pyta\u0144, dotycz\u0105cych produkt\u00f3w lub zam\u00f3wienia, skontaktuj si\u0119 z nami za pomoc\u0105 adresu e-mail.","robots":{"index":"index","follow":"follow","max-snippet":"max-snippet:-1","max-image-preview":"max-image-preview:large","max-video-preview":"max-video-preview:-1"},"canonical":"https:\/\/215.wordpressalk.pl\/index.php\/kontakt\/","og_locale":"pl_PL","og_type":"article","og_title":"Kontakt - SupleME","og_description":"W przypadku dodatkowych pyta\u0144, dotycz\u0105cych produkt\u00f3w lub zam\u00f3wienia, skontaktuj si\u0119 z nami za pomoc\u0105 adresu e-mail.","og_url":"https:\/\/215.wordpressalk.pl\/index.php\/kontakt\/","og_site_name":"SupleME","article_modified_time":"2026-04-26T12:44:03+00:00","og_image":[{"width":1844,"height":560,"url":"https:\/\/215.wordpressalk.pl\/wp-content\/uploads\/2026\/03\/Gemini_Generated_Image_hc3mt8hc3mt8hc3m-1.png","type":"image\/png"}],"twitter_card":"summary_large_image","twitter_misc":{"Szacowany czas czytania":"1 minuta"},"schema":{"@context":"https:\/\/schema.org","@graph":[{"@type":"WebPage","@id":"https:\/\/215.wordpressalk.pl\/index.php\/kontakt\/","url":"https:\/\/215.wordpressalk.pl\/index.php\/kontakt\/","name":"Kontakt - SupleME","isPartOf":{"@id":"https:\/\/215.wordpressalk.pl\/#website"},"primaryImageOfPage":{"@id":"https:\/\/215.wordpressalk.pl\/index.php\/kontakt\/#primaryimage"},"image":{"@id":"https:\/\/215.wordpressalk.pl\/index.php\/kontakt\/#primaryimage"},"thumbnailUrl":"https:\/\/215.wordpressalk.pl\/wp-content\/uploads\/2026\/03\/Gemini_Generated_Image_hc3mt8hc3mt8hc3m-1-1024x311.png","datePublished":"2026-03-29T06:50:26+00:00","dateModified":"2026-04-26T12:44:03+00:00","description":"W przypadku dodatkowych pyta\u0144, dotycz\u0105cych produkt\u00f3w lub zam\u00f3wienia, skontaktuj si\u0119 z nami za pomoc\u0105 adresu e-mail.","breadcrumb":{"@id":"https:\/\/215.wordpressalk.pl\/index.php\/kontakt\/#breadcrumb"},"inLanguage":"pl-PL","potentialAction":[{"@type":"ReadAction","target":["https:\/\/215.wordpressalk.pl\/index.php\/kontakt\/"]}]},{"@type":"ImageObject","inLanguage":"pl-PL","@id":"https:\/\/215.wordpressalk.pl\/index.php\/kontakt\/#primaryimage","url":"https:\/\/215.wordpressalk.pl\/wp-content\/uploads\/2026\/03\/Gemini_Generated_Image_hc3mt8hc3mt8hc3m-1.png","contentUrl":"https:\/\/215.wordpressalk.pl\/wp-content\/uploads\/2026\/03\/Gemini_Generated_Image_hc3mt8hc3mt8hc3m-1.png","width":1844,"height":560},{"@type":"BreadcrumbList","@id":"https:\/\/215.wordpressalk.pl\/index.php\/kontakt\/#breadcrumb","itemListElement":[{"@type":"ListItem","position":1,"name":"Strona g\u0142\u00f3wna","item":"https:\/\/215.wordpressalk.pl\/"},{"@type":"ListItem","position":2,"name":"Kontakt"}]},{"@type":"WebSite","@id":"https:\/\/215.wordpressalk.pl\/#website","url":"https:\/\/215.wordpressalk.pl\/","name":"SupleME","description":"Twoje wsparcie w drodze po lepsz\u0105 form\u0119.","publisher":{"@id":"https:\/\/215.wordpressalk.pl\/#organization"},"potentialAction":[{"@type":"SearchAction","target":{"@type":"EntryPoint","urlTemplate":"https:\/\/215.wordpressalk.pl\/?s={search_term_string}"},"query-input":{"@type":"PropertyValueSpecification","valueRequired":true,"valueName":"search_term_string"}}],"inLanguage":"pl-PL"},{"@type":"Organization","@id":"https:\/\/215.wordpressalk.pl\/#organization","name":"SupleME","url":"https:\/\/215.wordpressalk.pl\/","logo":{"@type":"ImageObject","inLanguage":"pl-PL","@id":"https:\/\/215.wordpressalk.pl\/#\/schema\/logo\/image\/","url":"https:\/\/215.wordpressalk.pl\/wp-content\/uploads\/2026\/02\/cropped-dumbbell-icon-images-vector-34189976-1.avif","contentUrl":"https:\/\/215.wordpressalk.pl\/wp-content\/uploads\/2026\/02\/cropped-dumbbell-icon-images-vector-34189976-1.avif","width":500,"height":340,"caption":"SupleME"},"image":{"@id":"https:\/\/215.wordpressalk.pl\/#\/schema\/logo\/image\/"}}]}},"_links":{"self":[{"href":"https:\/\/215.wordpressalk.pl\/index.php\/wp-json\/wp\/v2\/pages\/24","targetHints":{"allow":["GET"]}}],"collection":[{"href":"https:\/\/215.wordpressalk.pl\/index.php\/wp-json\/wp\/v2\/pages"}],"about":[{"href":"https:\/\/215.wordpressalk.pl\/index.php\/wp-json\/wp\/v2\/types\/page"}],"author":[{"embeddable":true,"href":"https:\/\/215.wordpressalk.pl\/index.php\/wp-json\/wp\/v2\/users\/1"}],"replies":[{"embeddable":true,"href":"https:\/\/215.wordpressalk.pl\/index.php\/wp-json\/wp\/v2\/comments?post=24"}],"version-history":[{"count":6,"href":"https:\/\/215.wordpressalk.pl\/index.php\/wp-json\/wp\/v2\/pages\/24\/revisions"}],"predecessor-version":[{"id":134,"href":"https:\/\/215.wordpressalk.pl\/index.php\/wp-json\/wp\/v2\/pages\/24\/revisions\/134"}],"wp:attachment":[{"href":"https:\/\/215.wordpressalk.pl\/index.php\/wp-json\/wp\/v2\/media?parent=24"}],"curies":[{"name":"wp","href":"https:\/\/api.w.org\/{rel}","templated":true}]}}