{"id":98,"date":"2026-04-25T17:52:21","date_gmt":"2026-04-25T15:52:21","guid":{"rendered":"https:\/\/215.wordpressalk.pl\/?post_type=product&#038;p=98"},"modified":"2026-04-26T15:51:51","modified_gmt":"2026-04-26T13:51:51","slug":"witamina-c","status":"publish","type":"product","link":"https:\/\/215.wordpressalk.pl\/index.php\/produkt\/witamina-c\/","title":{"rendered":"Witamina C"},"content":{"rendered":"<ul class=\"cm__list\">\n<li><strong>\u0179r\u00f3d\u0142o witaminy C<\/strong>\u00a0&#8211; jedna porcja suplementu diety dostarcza do organizmu 1000 mg kwasu L-askorbinowego.<\/li>\n<li><strong>Prosty sk\u0142ad<\/strong>\u00a0&#8211; produkt nie zawiera zb\u0119dnych dodatk\u00f3w.<\/li>\n<li><strong>1 tabletka = 1 porcja<\/strong>.<\/li>\n<li><strong>Wygodna forma<\/strong>\u00a0&#8211; preparat dost\u0119pny w postaci \u0142atwych do po\u0142kni\u0119cia tabletek.<\/li>\n<li><strong>Wydajno\u015b\u0107<\/strong>\u00a0&#8211; jedno opakowanie zawiera 90 porcji produktu.<\/li>\n<\/ul>\n<p><strong>Witamina C<\/strong>, okre\u015blana r\u00f3wnie\u017c mianem kwasu askorbinowego, to organiczny zwi\u0105zek chemiczny z grupy alkoholi polihydroksylowych. To witamina rozpuszczalna w wodzie, kt\u00f3ra jako substancja egzogenna musi by\u0107 dostarczana do ustroju z zewn\u0105trz &#8211; wraz z po\u017cywieniem lub w formie suplement\u00f3w diety, co wynika z faktu, i\u017c organizm cz\u0142owieka nie jest zdolny do samodzielnej syntezy zwi\u0105zku. Witamin\u0119 C mo\u017cna znale\u017a\u0107 przede wszystkim w \u015bwie\u017cych warzywach i owocach &#8211; substancja wyst\u0119puje m.in. w czarnej porzeczce, truskawkach, kiwi, a tak\u017ce w papryce, brukselce czy kapu\u015bcie.<\/p>\n<p class=\"cm__text\">Poznaj najwi\u0119ksze zalety suplementu diety OstroVit Witamina C 1000 mg 90 tabletek:<\/p>\n<div class=\"cm__icons\">\n<div class=\"--icon\">\n<div class=\"--desc\"><strong>1 porcja = 1 tabletka<\/strong>Wystarczy przyjmowa\u0107 1 tabletk\u0119 suplementu dziennie.<\/div>\n<\/div>\n<div class=\"--icon\">\n<div class=\"--desc\"><strong>90 porcji w opakowaniu<\/strong>Produkt wystarczy na 90 dni skutecznej suplementacji.<\/div>\n<\/div>\n<div class=\"--icon\">\n<div class=\"--desc\"><strong>Prosty sk\u0142ad<\/strong>Sk\u0142adnik aktywny i niezb\u0119dne dodatki.<\/div>\n<\/div>\n<\/div>\n","protected":false},"excerpt":{"rendered":"<p style=\"text-align: left;\">Suplement diety, kt\u00f3ry stanowi warto\u015bciowe \u017ar\u00f3d\u0142o kwasu L-askorbinowego. To preparat dost\u0119pny w formie rozpuszczalnej. Zosta\u0142 stworzony z my\u015bl\u0105 o sportowcach oraz osobach wyr\u00f3\u017cniaj\u0105cych si\u0119 zwi\u0119kszonym zapotrzebowaniem na witamin\u0119 C.<\/p>\n","protected":false},"featured_media":72,"comment_status":"open","ping_status":"closed","template":"","meta":{"site-sidebar-layout":"default","site-content-layout":"","ast-site-content-layout":"default","site-content-style":"default","site-sidebar-style":"default","ast-global-header-display":"","ast-banner-title-visibility":"","ast-main-header-display":"","ast-hfb-above-header-display":"","ast-hfb-below-header-display":"","ast-hfb-mobile-header-display":"","site-post-title":"","ast-breadcrumbs-content":"","ast-featured-img":"","footer-sml-layout":"","ast-disable-related-posts":"","theme-transparent-header-meta":"default","adv-header-id-meta":"","stick-header-meta":"","header-above-stick-meta":"","header-main-stick-meta":"","header-below-stick-meta":"","astra-migrate-meta-layouts":"set","ast-page-background-enabled":"default","ast-page-background-meta":{"desktop":{"background-color":"var(--ast-global-color-5)","background-image":"","background-repeat":"repeat","background-position":"center center","background-size":"auto","background-attachment":"scroll","background-type":"","background-media":"","overlay-type":"","overlay-color":"","overlay-opacity":"","overlay-gradient":""},"tablet":{"background-color":"","background-image":"","background-repeat":"repeat","background-position":"center center","background-size":"auto","background-attachment":"scroll","background-type":"","background-media":"","overlay-type":"","overlay-color":"","overlay-opacity":"","overlay-gradient":""},"mobile":{"background-color":"","background-image":"","background-repeat":"repeat","background-position":"center center","background-size":"auto","background-attachment":"scroll","background-type":"","background-media":"","overlay-type":"","overlay-color":"","overlay-opacity":"","overlay-gradient":""}},"ast-content-background-meta":{"desktop":{"background-color":"var(--ast-global-color-4)","background-image":"","background-repeat":"repeat","background-position":"center center","background-size":"auto","background-attachment":"scroll","background-type":"","background-media":"","overlay-type":"","overlay-color":"","overlay-opacity":"","overlay-gradient":""},"tablet":{"background-color":"var(--ast-global-color-4)","background-image":"","background-repeat":"repeat","background-position":"center center","background-size":"auto","background-attachment":"scroll","background-type":"","background-media":"","overlay-type":"","overlay-color":"","overlay-opacity":"","overlay-gradient":""},"mobile":{"background-color":"var(--ast-global-color-4)","background-image":"","background-repeat":"repeat","background-position":"center center","background-size":"auto","background-attachment":"scroll","background-type":"","background-media":"","overlay-type":"","overlay-color":"","overlay-opacity":"","overlay-gradient":""}}},"product_brand":[],"product_cat":[22],"product_tag":[],"class_list":{"0":"post-98","1":"product","2":"type-product","3":"status-publish","4":"has-post-thumbnail","6":"product_cat-suplementy","7":"desktop-align-left","8":"tablet-align-left","9":"mobile-align-left","11":"first","12":"instock","13":"taxable","14":"shipping-taxable","15":"purchasable","16":"product-type-simple"},"yoast_head":"<!-- This site is optimized with the Yoast SEO plugin v27.2 - https:\/\/yoast.com\/product\/yoast-seo-wordpress\/ -->\n<title>Witamina C - SupleME<\/title>\n<meta name=\"description\" content=\"\u0141atwo rozpuszczalna Witamina C o smaku cytrynowym, marki Suple ME. Opakowanie zawiera 500g produktu. Z dodatkiem kolagenu.\" \/>\n<meta name=\"robots\" content=\"index, follow, max-snippet:-1, max-image-preview:large, max-video-preview:-1\" \/>\n<link rel=\"canonical\" href=\"https:\/\/215.wordpressalk.pl\/index.php\/produkt\/witamina-c\/\" \/>\n<meta property=\"og:locale\" content=\"pl_PL\" \/>\n<meta property=\"og:type\" content=\"article\" \/>\n<meta property=\"og:title\" content=\"Witamina C - SupleME\" \/>\n<meta property=\"og:description\" content=\"\u0141atwo rozpuszczalna Witamina C o smaku cytrynowym, marki Suple ME. Opakowanie zawiera 500g produktu. Z dodatkiem kolagenu.\" \/>\n<meta property=\"og:url\" content=\"https:\/\/215.wordpressalk.pl\/index.php\/produkt\/witamina-c\/\" \/>\n<meta property=\"og:site_name\" content=\"SupleME\" \/>\n<meta property=\"article:modified_time\" content=\"2026-04-26T13:51:51+00:00\" \/>\n<meta property=\"og:image\" content=\"http:\/\/215.wordpressalk.pl\/wp-content\/uploads\/2026\/03\/fotografia-produktowa-packshot-w-studio-suplementy-14.jpg-1024x1024-1.jpg\" \/>\n\t<meta property=\"og:image:width\" content=\"1024\" \/>\n\t<meta property=\"og:image:height\" content=\"1024\" \/>\n\t<meta property=\"og:image:type\" content=\"image\/jpeg\" \/>\n<meta name=\"twitter:card\" content=\"summary_large_image\" \/>\n<meta name=\"twitter:label1\" content=\"Szacowany czas czytania\" \/>\n\t<meta name=\"twitter:data1\" content=\"2 minuty\" \/>\n<script type=\"application\/ld+json\" class=\"yoast-schema-graph\">{\"@context\":\"https:\/\/schema.org\",\"@graph\":[{\"@type\":\"WebPage\",\"@id\":\"https:\/\/215.wordpressalk.pl\/index.php\/produkt\/witamina-c\/\",\"url\":\"https:\/\/215.wordpressalk.pl\/index.php\/produkt\/witamina-c\/\",\"name\":\"Witamina C - SupleME\",\"isPartOf\":{\"@id\":\"https:\/\/215.wordpressalk.pl\/#website\"},\"primaryImageOfPage\":{\"@id\":\"https:\/\/215.wordpressalk.pl\/index.php\/produkt\/witamina-c\/#primaryimage\"},\"image\":{\"@id\":\"https:\/\/215.wordpressalk.pl\/index.php\/produkt\/witamina-c\/#primaryimage\"},\"thumbnailUrl\":\"https:\/\/215.wordpressalk.pl\/wp-content\/uploads\/2026\/03\/fotografia-produktowa-packshot-w-studio-suplementy-14.jpg-1024x1024-1.jpg\",\"datePublished\":\"2026-04-25T15:52:21+00:00\",\"dateModified\":\"2026-04-26T13:51:51+00:00\",\"description\":\"\u0141atwo rozpuszczalna Witamina C o smaku cytrynowym, marki Suple ME. Opakowanie zawiera 500g produktu. Z dodatkiem kolagenu.\",\"breadcrumb\":{\"@id\":\"https:\/\/215.wordpressalk.pl\/index.php\/produkt\/witamina-c\/#breadcrumb\"},\"inLanguage\":\"pl-PL\",\"potentialAction\":[{\"@type\":\"ReadAction\",\"target\":[\"https:\/\/215.wordpressalk.pl\/index.php\/produkt\/witamina-c\/\"]}]},{\"@type\":\"ImageObject\",\"inLanguage\":\"pl-PL\",\"@id\":\"https:\/\/215.wordpressalk.pl\/index.php\/produkt\/witamina-c\/#primaryimage\",\"url\":\"https:\/\/215.wordpressalk.pl\/wp-content\/uploads\/2026\/03\/fotografia-produktowa-packshot-w-studio-suplementy-14.jpg-1024x1024-1.jpg\",\"contentUrl\":\"https:\/\/215.wordpressalk.pl\/wp-content\/uploads\/2026\/03\/fotografia-produktowa-packshot-w-studio-suplementy-14.jpg-1024x1024-1.jpg\",\"width\":1024,\"height\":1024},{\"@type\":\"BreadcrumbList\",\"@id\":\"https:\/\/215.wordpressalk.pl\/index.php\/produkt\/witamina-c\/#breadcrumb\",\"itemListElement\":[{\"@type\":\"ListItem\",\"position\":1,\"name\":\"Strona g\u0142\u00f3wna\",\"item\":\"https:\/\/215.wordpressalk.pl\/\"},{\"@type\":\"ListItem\",\"position\":2,\"name\":\"Sklep\",\"item\":\"https:\/\/215.wordpressalk.pl\/index.php\/sklep\/\"},{\"@type\":\"ListItem\",\"position\":3,\"name\":\"Witamina C\"}]},{\"@type\":\"WebSite\",\"@id\":\"https:\/\/215.wordpressalk.pl\/#website\",\"url\":\"https:\/\/215.wordpressalk.pl\/\",\"name\":\"SupleME\",\"description\":\"Twoje wsparcie w drodze po lepsz\u0105 form\u0119.\",\"publisher\":{\"@id\":\"https:\/\/215.wordpressalk.pl\/#organization\"},\"potentialAction\":[{\"@type\":\"SearchAction\",\"target\":{\"@type\":\"EntryPoint\",\"urlTemplate\":\"https:\/\/215.wordpressalk.pl\/?s={search_term_string}\"},\"query-input\":{\"@type\":\"PropertyValueSpecification\",\"valueRequired\":true,\"valueName\":\"search_term_string\"}}],\"inLanguage\":\"pl-PL\"},{\"@type\":\"Organization\",\"@id\":\"https:\/\/215.wordpressalk.pl\/#organization\",\"name\":\"SupleME\",\"url\":\"https:\/\/215.wordpressalk.pl\/\",\"logo\":{\"@type\":\"ImageObject\",\"inLanguage\":\"pl-PL\",\"@id\":\"https:\/\/215.wordpressalk.pl\/#\/schema\/logo\/image\/\",\"url\":\"https:\/\/215.wordpressalk.pl\/wp-content\/uploads\/2026\/02\/cropped-dumbbell-icon-images-vector-34189976-1.avif\",\"contentUrl\":\"https:\/\/215.wordpressalk.pl\/wp-content\/uploads\/2026\/02\/cropped-dumbbell-icon-images-vector-34189976-1.avif\",\"width\":500,\"height\":340,\"caption\":\"SupleME\"},\"image\":{\"@id\":\"https:\/\/215.wordpressalk.pl\/#\/schema\/logo\/image\/\"}}]}<\/script>\n<!-- \/ Yoast SEO plugin. -->","yoast_head_json":{"title":"Witamina C - SupleME","description":"\u0141atwo rozpuszczalna Witamina C o smaku cytrynowym, marki Suple ME. Opakowanie zawiera 500g produktu. Z dodatkiem kolagenu.","robots":{"index":"index","follow":"follow","max-snippet":"max-snippet:-1","max-image-preview":"max-image-preview:large","max-video-preview":"max-video-preview:-1"},"canonical":"https:\/\/215.wordpressalk.pl\/index.php\/produkt\/witamina-c\/","og_locale":"pl_PL","og_type":"article","og_title":"Witamina C - SupleME","og_description":"\u0141atwo rozpuszczalna Witamina C o smaku cytrynowym, marki Suple ME. Opakowanie zawiera 500g produktu. Z dodatkiem kolagenu.","og_url":"https:\/\/215.wordpressalk.pl\/index.php\/produkt\/witamina-c\/","og_site_name":"SupleME","article_modified_time":"2026-04-26T13:51:51+00:00","og_image":[{"width":1024,"height":1024,"url":"http:\/\/215.wordpressalk.pl\/wp-content\/uploads\/2026\/03\/fotografia-produktowa-packshot-w-studio-suplementy-14.jpg-1024x1024-1.jpg","type":"image\/jpeg"}],"twitter_card":"summary_large_image","twitter_misc":{"Szacowany czas czytania":"2 minuty"},"schema":{"@context":"https:\/\/schema.org","@graph":[{"@type":"WebPage","@id":"https:\/\/215.wordpressalk.pl\/index.php\/produkt\/witamina-c\/","url":"https:\/\/215.wordpressalk.pl\/index.php\/produkt\/witamina-c\/","name":"Witamina C - SupleME","isPartOf":{"@id":"https:\/\/215.wordpressalk.pl\/#website"},"primaryImageOfPage":{"@id":"https:\/\/215.wordpressalk.pl\/index.php\/produkt\/witamina-c\/#primaryimage"},"image":{"@id":"https:\/\/215.wordpressalk.pl\/index.php\/produkt\/witamina-c\/#primaryimage"},"thumbnailUrl":"https:\/\/215.wordpressalk.pl\/wp-content\/uploads\/2026\/03\/fotografia-produktowa-packshot-w-studio-suplementy-14.jpg-1024x1024-1.jpg","datePublished":"2026-04-25T15:52:21+00:00","dateModified":"2026-04-26T13:51:51+00:00","description":"\u0141atwo rozpuszczalna Witamina C o smaku cytrynowym, marki Suple ME. Opakowanie zawiera 500g produktu. Z dodatkiem kolagenu.","breadcrumb":{"@id":"https:\/\/215.wordpressalk.pl\/index.php\/produkt\/witamina-c\/#breadcrumb"},"inLanguage":"pl-PL","potentialAction":[{"@type":"ReadAction","target":["https:\/\/215.wordpressalk.pl\/index.php\/produkt\/witamina-c\/"]}]},{"@type":"ImageObject","inLanguage":"pl-PL","@id":"https:\/\/215.wordpressalk.pl\/index.php\/produkt\/witamina-c\/#primaryimage","url":"https:\/\/215.wordpressalk.pl\/wp-content\/uploads\/2026\/03\/fotografia-produktowa-packshot-w-studio-suplementy-14.jpg-1024x1024-1.jpg","contentUrl":"https:\/\/215.wordpressalk.pl\/wp-content\/uploads\/2026\/03\/fotografia-produktowa-packshot-w-studio-suplementy-14.jpg-1024x1024-1.jpg","width":1024,"height":1024},{"@type":"BreadcrumbList","@id":"https:\/\/215.wordpressalk.pl\/index.php\/produkt\/witamina-c\/#breadcrumb","itemListElement":[{"@type":"ListItem","position":1,"name":"Strona g\u0142\u00f3wna","item":"https:\/\/215.wordpressalk.pl\/"},{"@type":"ListItem","position":2,"name":"Sklep","item":"https:\/\/215.wordpressalk.pl\/index.php\/sklep\/"},{"@type":"ListItem","position":3,"name":"Witamina C"}]},{"@type":"WebSite","@id":"https:\/\/215.wordpressalk.pl\/#website","url":"https:\/\/215.wordpressalk.pl\/","name":"SupleME","description":"Twoje wsparcie w drodze po lepsz\u0105 form\u0119.","publisher":{"@id":"https:\/\/215.wordpressalk.pl\/#organization"},"potentialAction":[{"@type":"SearchAction","target":{"@type":"EntryPoint","urlTemplate":"https:\/\/215.wordpressalk.pl\/?s={search_term_string}"},"query-input":{"@type":"PropertyValueSpecification","valueRequired":true,"valueName":"search_term_string"}}],"inLanguage":"pl-PL"},{"@type":"Organization","@id":"https:\/\/215.wordpressalk.pl\/#organization","name":"SupleME","url":"https:\/\/215.wordpressalk.pl\/","logo":{"@type":"ImageObject","inLanguage":"pl-PL","@id":"https:\/\/215.wordpressalk.pl\/#\/schema\/logo\/image\/","url":"https:\/\/215.wordpressalk.pl\/wp-content\/uploads\/2026\/02\/cropped-dumbbell-icon-images-vector-34189976-1.avif","contentUrl":"https:\/\/215.wordpressalk.pl\/wp-content\/uploads\/2026\/02\/cropped-dumbbell-icon-images-vector-34189976-1.avif","width":500,"height":340,"caption":"SupleME"},"image":{"@id":"https:\/\/215.wordpressalk.pl\/#\/schema\/logo\/image\/"}}]}},"_links":{"self":[{"href":"https:\/\/215.wordpressalk.pl\/index.php\/wp-json\/wp\/v2\/product\/98","targetHints":{"allow":["GET"]}}],"collection":[{"href":"https:\/\/215.wordpressalk.pl\/index.php\/wp-json\/wp\/v2\/product"}],"about":[{"href":"https:\/\/215.wordpressalk.pl\/index.php\/wp-json\/wp\/v2\/types\/product"}],"replies":[{"embeddable":true,"href":"https:\/\/215.wordpressalk.pl\/index.php\/wp-json\/wp\/v2\/comments?post=98"}],"wp:featuredmedia":[{"embeddable":true,"href":"https:\/\/215.wordpressalk.pl\/index.php\/wp-json\/wp\/v2\/media\/72"}],"wp:attachment":[{"href":"https:\/\/215.wordpressalk.pl\/index.php\/wp-json\/wp\/v2\/media?parent=98"}],"wp:term":[{"taxonomy":"product_brand","embeddable":true,"href":"https:\/\/215.wordpressalk.pl\/index.php\/wp-json\/wp\/v2\/product_brand?post=98"},{"taxonomy":"product_cat","embeddable":true,"href":"https:\/\/215.wordpressalk.pl\/index.php\/wp-json\/wp\/v2\/product_cat?post=98"},{"taxonomy":"product_tag","embeddable":true,"href":"https:\/\/215.wordpressalk.pl\/index.php\/wp-json\/wp\/v2\/product_tag?post=98"}],"curies":[{"name":"wp","href":"https:\/\/api.w.org\/{rel}","templated":true}]}}